{"id":75,"date":"2013-10-30T08:26:37","date_gmt":"2013-10-30T06:26:37","guid":{"rendered":"http:\/\/anton-wallner.at\/?page_id=75"},"modified":"2019-01-24T12:15:21","modified_gmt":"2019-01-24T10:15:21","slug":"dachverband","status":"publish","type":"page","link":"http:\/\/anton-wallner.at\/?page_id=75","title":{"rendered":"Dachverband"},"content":{"rendered":"<p>Der \u00d6sterreichische Penn\u00e4ler Ring (\u00d6PR) ist der Dachverband von ca. 190 Sch\u00fclerverbindungen in ganz \u00d6sterreich, von denen derzeit rund 60 aktiv sind. Innerhalb des Verbandes hat jede Mitgliedsverbindung eine hohe Eigenst\u00e4ndigkeit. Der Begriff Penn\u00e4ler ist vom Begriff Pennal abgeleitet und bezieht sich auf eine ehemalige Schulform.<\/p>\n<p>Die Gemeinsamkeit der Verbindungen des \u00d6PR besteht im Wesentlichen aus drei Bereichen: national-liberale Grunds\u00e4tze, gemeinsame studentische Traditionen und ein einheitliches Erscheinungsbild (alle Verbindungen haben \u00e4hnliche Abzeichen und Organisationsformen) sowie das Bekenntnis zur pennalen Mensur, die als Erweiterung des geistigen und k\u00f6rperlichen Horizonts angesehen wird.<\/p>\n<p>Weiterf\u00fchrende Informationen auf Wikipedia:<br \/>\n<a href=\"http:\/\/de.wikipedia.org\/wiki\/\u00d6sterreichischer_Penn\u00e4ler_Ring\" target=\"_blank\" rel=\"noopener\">http:\/\/de.wikipedia.org\/wiki\/\u00d6sterreichischer_Penn\u00e4ler_Ring<\/a><\/p>\n","protected":false},"excerpt":{"rendered":"<p>Der \u00d6sterreichische Penn\u00e4ler Ring (\u00d6PR) ist der Dachverband von ca. 190 Sch\u00fclerverbindungen in ganz \u00d6sterreich, von denen derzeit rund 60 aktiv sind. Innerhalb des Verbandes hat jede Mitgliedsverbindung eine hohe [&hellip;]<\/p>\n","protected":false},"author":1,"featured_media":0,"parent":0,"menu_order":0,"comment_status":"closed","ping_status":"closed","template":"","meta":{"footnotes":""},"_links":{"self":[{"href":"http:\/\/anton-wallner.at\/index.php?rest_route=\/wp\/v2\/pages\/75"}],"collection":[{"href":"http:\/\/anton-wallner.at\/index.php?rest_route=\/wp\/v2\/pages"}],"about":[{"href":"http:\/\/anton-wallner.at\/index.php?rest_route=\/wp\/v2\/types\/page"}],"author":[{"embeddable":true,"href":"http:\/\/anton-wallner.at\/index.php?rest_route=\/wp\/v2\/users\/1"}],"replies":[{"embeddable":true,"href":"http:\/\/anton-wallner.at\/index.php?rest_route=%2Fwp%2Fv2%2Fcomments&post=75"}],"version-history":[{"count":1,"href":"http:\/\/anton-wallner.at\/index.php?rest_route=\/wp\/v2\/pages\/75\/revisions"}],"predecessor-version":[{"id":168,"href":"http:\/\/anton-wallner.at\/index.php?rest_route=\/wp\/v2\/pages\/75\/revisions\/168"}],"wp:attachment":[{"href":"http:\/\/anton-wallner.at\/index.php?rest_route=%2Fwp%2Fv2%2Fmedia&parent=75"}],"curies":[{"name":"wp","href":"https:\/\/api.w.org\/{rel}","templated":true}]}}