{"id":74,"date":"2013-10-30T08:25:22","date_gmt":"2013-10-30T06:25:22","guid":{"rendered":"http:\/\/anton-wallner.at\/?page_id=74"},"modified":"2013-11-01T11:13:44","modified_gmt":"2013-11-01T09:13:44","slug":"geschichte","status":"publish","type":"page","link":"http:\/\/anton-wallner.at\/?page_id=74","title":{"rendered":"Geschichte"},"content":{"rendered":"<p>Die Gr\u00fcndung der p.B! Anton Wallner in Saalfelden erfolgte am 18. September 1987.<\/p>\n<p>Die Idee daf\u00fcr war auf einer Truppen\u00fcbung des Miliz-J\u00e4gerbataillons 29 (heute J\u00e4gerbataillon Salzburg), welches in der Wallner-Kaserne in Saalfelden stationiert war, von zwei Burschenschaftern geboren worden.<\/p>\n<p>\u00dcber Stammtische wurde der Kontakt zu Pinzgauer Burschenschaftern, den sp\u00e4teren Alten Herren, aber auch zu Sch\u00fclern hergestellt. Auf einem dieser Stammtische legte man auch den Namen, pennale Burschenschaft Anton Wallner und die Farben gr\u00fcn-rot-gold sowie die graue Farbe der M\u00fctze fest. Das Grau der M\u00fctze leitet sich von dem dunklen Lodengrau der Sch\u00fctzenuniformen ab, die Farben entsprechen der Fahne, unter der Anton Wallner k\u00e4mpfte: gr\u00fcn-rot mit goldenem Adler.<\/p>\n<p>Zum f\u00fcnften Stammtisch, am 18. September 1987, erschienen bereits vier Sch\u00fcler, zwei Studenten und drei \u00e4ltere Burschenschafter, sodass die Burschenschaft f\u00fcr gegr\u00fcndet erkl\u00e4rt wurde und dementsprechend mit vier aktiven Burschen, zwei inaktiven Burschen und drei Alten Herren den Betrieb aufnahm. In weiterer Folge kamen noch etliche Korporierte als Alte Herren dazu, welche im Pinzgau leben und lebten.<\/p>\n<p>Am 18. Dezember 1987 fand im Festsaal Saalfelden der Gr\u00fcndungskommers mit fast 200 Teilnehmern statt.<\/p>\n","protected":false},"excerpt":{"rendered":"<p>Die Gr\u00fcndung der p.B! Anton Wallner in Saalfelden erfolgte am 18. September 1987. Die Idee daf\u00fcr war auf einer Truppen\u00fcbung des Miliz-J\u00e4gerbataillons 29 (heute J\u00e4gerbataillon Salzburg), welches in der Wallner-Kaserne [&hellip;]<\/p>\n","protected":false},"author":1,"featured_media":0,"parent":0,"menu_order":0,"comment_status":"closed","ping_status":"closed","template":"","meta":{"footnotes":""},"_links":{"self":[{"href":"http:\/\/anton-wallner.at\/index.php?rest_route=\/wp\/v2\/pages\/74"}],"collection":[{"href":"http:\/\/anton-wallner.at\/index.php?rest_route=\/wp\/v2\/pages"}],"about":[{"href":"http:\/\/anton-wallner.at\/index.php?rest_route=\/wp\/v2\/types\/page"}],"author":[{"embeddable":true,"href":"http:\/\/anton-wallner.at\/index.php?rest_route=\/wp\/v2\/users\/1"}],"replies":[{"embeddable":true,"href":"http:\/\/anton-wallner.at\/index.php?rest_route=%2Fwp%2Fv2%2Fcomments&post=74"}],"version-history":[{"count":0,"href":"http:\/\/anton-wallner.at\/index.php?rest_route=\/wp\/v2\/pages\/74\/revisions"}],"wp:attachment":[{"href":"http:\/\/anton-wallner.at\/index.php?rest_route=%2Fwp%2Fv2%2Fmedia&parent=74"}],"curies":[{"name":"wp","href":"https:\/\/api.w.org\/{rel}","templated":true}]}}