{"id":72,"date":"2013-10-30T08:25:02","date_gmt":"2013-10-30T06:25:02","guid":{"rendered":"http:\/\/anton-wallner.at\/?page_id=72"},"modified":"2013-10-30T15:22:12","modified_gmt":"2013-10-30T13:22:12","slug":"ueber-uns","status":"publish","type":"page","link":"http:\/\/anton-wallner.at\/?page_id=72","title":{"rendered":"\u00dcber uns"},"content":{"rendered":"<p>Die pennale Burschenschaft Anton Wallner in Saalfelden ist eine Mittelschulverbindung f\u00fcr Sch\u00fcler aus den Oberstufen der Pinzgauer Schulen.<\/p>\n<p>Als Burschenschaft sind wir eine national-freiheitliche Verbindung, die den burschenschaftlichen Grunds\u00e4tzen &#8222;Ehre, Freiheit und Vaterland&#8220; verpflichtet ist. Dies spiegelt sich auch in unserem Namen &#8222;Anton Wallner&#8220; wider, der die Salzburger Sch\u00fctzen im Freiheitskampf im Jahr 1809 als Oberkommandat befehligte.<\/p>\n<p>Eine Burschenschaft ist ein Lebensbund. Das hei\u00dft, dass man bis an sein Lebensende Mitglied bleibt. Es gibt daher neben den &#8222;aktiven&#8220; Mitgliedern, also den Sch\u00fclern \u2013 genannt Burschen, auch sogenannte Alte Herren. Gemeinsam pflegen wir ein sehr geselliges Bundesleben mit Kneipen und anderen studentischen Festen. Diese finden meistens auf unserer Bude in Saalfelden statt.<\/p>\n<p>Wir sind eine schlagende Verbindung, das hei\u00dft wir pflegen das studentische Fechten, dessen Traditionen bis ins Mittelalter zur\u00fcckreichen. Das S\u00e4belfechten ist nicht nur eine sportliche Bet\u00e4tigung, die einen Ausgleich zum Schulalltag darstellt, sondern fordert bei der Mensur, dem studentischen Wettkampf, auch eine Bew\u00e4hrung in einer Extremsituation.<\/p>\n<p>Besonders wichtig neben den vielen M\u00f6glichkeiten der Freizeitgestaltung ist uns aber auch ein positiver Erfolg im Schulleben, so ist das Ablegen der Matura selbstverst\u00e4ndliches Ziel f\u00fcr unsere Mitglieder.<\/p>\n<p>Insgesamt bilden wir einen sehr engen Freundeskreis, der weit \u00fcber die Schulzeit hinaus besteht und auch Kontakt zu Sch\u00fclern anderer Schulst\u00e4dte pflegt.<\/p>\n","protected":false},"excerpt":{"rendered":"<p>Die pennale Burschenschaft Anton Wallner in Saalfelden ist eine Mittelschulverbindung f\u00fcr Sch\u00fcler aus den Oberstufen der Pinzgauer Schulen. Als Burschenschaft sind wir eine national-freiheitliche Verbindung, die den burschenschaftlichen Grunds\u00e4tzen &#8222;Ehre, [&hellip;]<\/p>\n","protected":false},"author":1,"featured_media":0,"parent":0,"menu_order":0,"comment_status":"closed","ping_status":"closed","template":"","meta":{"footnotes":""},"_links":{"self":[{"href":"http:\/\/anton-wallner.at\/index.php?rest_route=\/wp\/v2\/pages\/72"}],"collection":[{"href":"http:\/\/anton-wallner.at\/index.php?rest_route=\/wp\/v2\/pages"}],"about":[{"href":"http:\/\/anton-wallner.at\/index.php?rest_route=\/wp\/v2\/types\/page"}],"author":[{"embeddable":true,"href":"http:\/\/anton-wallner.at\/index.php?rest_route=\/wp\/v2\/users\/1"}],"replies":[{"embeddable":true,"href":"http:\/\/anton-wallner.at\/index.php?rest_route=%2Fwp%2Fv2%2Fcomments&post=72"}],"version-history":[{"count":0,"href":"http:\/\/anton-wallner.at\/index.php?rest_route=\/wp\/v2\/pages\/72\/revisions"}],"wp:attachment":[{"href":"http:\/\/anton-wallner.at\/index.php?rest_route=%2Fwp%2Fv2%2Fmedia&parent=72"}],"curies":[{"name":"wp","href":"https:\/\/api.w.org\/{rel}","templated":true}]}}